{"id":3048,"date":"2025-08-07T16:38:20","date_gmt":"2025-08-07T16:38:20","guid":{"rendered":"https:\/\/inspirahotels.com\/inspira-santos\/art-with-purpose\/"},"modified":"2026-04-23T12:48:21","modified_gmt":"2026-04-23T12:48:21","slug":"arte-com-proposito","status":"publish","type":"page","link":"https:\/\/inspirahotels.com\/inspira-santos\/pt\/arte-com-proposito\/","title":{"rendered":"Arte com Prop\u00f3sito"},"content":{"rendered":"[vc_row type=&#8221;full_width_content&#8221; full_screen_row_position=&#8221;middle&#8221; column_margin=&#8221;none&#8221; equal_height=&#8221;yes&#8221; content_placement=&#8221;middle&#8221; column_direction=&#8221;default&#8221; column_direction_tablet=&#8221;default&#8221; column_direction_phone=&#8221;default&#8221; bg_color=&#8221;#000000&#8243; full_height=&#8221;yes&#8221; scene_position=&#8221;center&#8221; constrain_group_1=&#8221;yes&#8221; text_color=&#8221;light&#8221; text_align=&#8221;center&#8221; row_border_radius=&#8221;none&#8221; row_border_radius_applies=&#8221;bg&#8221; overflow=&#8221;visible&#8221; overlay_strength=&#8221;0.3&#8243; gradient_direction=&#8221;left_to_right&#8221; shape_divider_position=&#8221;bottom&#8221; bg_image_animation=&#8221;none&#8221; gradient_type=&#8221;default&#8221; shape_type=&#8221;&#8221;][vc_column column_padding=&#8221;no-extra-padding&#8221; column_padding_tablet=&#8221;inherit&#8221; column_padding_phone=&#8221;inherit&#8221; column_padding_position=&#8221;all&#8221; column_element_direction_desktop=&#8221;default&#8221; column_element_spacing=&#8221;default&#8221; desktop_text_alignment=&#8221;default&#8221; tablet_text_alignment=&#8221;default&#8221; phone_text_alignment=&#8221;default&#8221; background_color_opacity=&#8221;1&#8243; background_hover_color_opacity=&#8221;1&#8243; column_backdrop_filter=&#8221;none&#8221; column_shadow=&#8221;none&#8221; column_border_radius=&#8221;none&#8221; column_link_target=&#8221;_self&#8221; column_position=&#8221;default&#8221; gradient_direction=&#8221;left_to_right&#8221; overlay_strength=&#8221;0.3&#8243; width=&#8221;1\/1&#8243; tablet_width_inherit=&#8221;default&#8221; animation_type=&#8221;default&#8221; bg_image_animation=&#8221;none&#8221; border_type=&#8221;simple&#8221; column_border_width=&#8221;none&#8221; column_border_style=&#8221;solid&#8221;][vc_row_inner column_margin=&#8221;none&#8221; column_direction=&#8221;default&#8221; column_direction_tablet=&#8221;default&#8221; column_direction_phone=&#8221;default&#8221; constrain_group_1=&#8221;yes&#8221; text_align=&#8221;left&#8221; row_position=&#8221;default&#8221; row_position_tablet=&#8221;inherit&#8221; row_position_phone=&#8221;inherit&#8221; overflow=&#8221;visible&#8221; pointer_events=&#8221;all&#8221;][vc_column_inner top_padding_desktop=&#8221;25.5vh&#8221; constrain_group_100=&#8221;yes&#8221; bottom_padding_desktop=&#8221;25.5vh&#8221; column_element_direction_desktop=&#8221;default&#8221; column_element_spacing=&#8221;default&#8221; desktop_text_alignment=&#8221;default&#8221; tablet_text_alignment=&#8221;default&#8221; phone_text_alignment=&#8221;default&#8221; background_color_opacity=&#8221;1&#8243; background_hover_color_opacity=&#8221;1&#8243; background_image=&#8221;849&#8243; background_image_position=&#8221;center center&#8221; background_image_stacking=&#8221;default&#8221; background_image_loading=&#8221;default&#8221; column_backdrop_filter=&#8221;none&#8221; column_shadow=&#8221;none&#8221; column_border_radius=&#8221;none&#8221; column_link_target=&#8221;_self&#8221; overflow=&#8221;visible&#8221; gradient_direction=&#8221;left_to_right&#8221; overlay_strength=&#8221;0.3&#8243; width=&#8221;1\/1&#8243; tablet_width_inherit=&#8221;default&#8221; animation_type=&#8221;default&#8221; bg_image_animation=&#8221;none&#8221; border_type=&#8221;simple&#8221; column_border_width=&#8221;none&#8221; column_border_style=&#8221;solid&#8221; column_padding_type=&#8221;advanced&#8221; gradient_type=&#8221;default&#8221;][vc_column_text css=&#8221;.vc_custom_1771500576299{margin-bottom: 10px !important;}&#8221; text_direction=&#8221;default&#8221;]\n<h1>ARTE COM PROP\u00d3SITO<\/h1>\n[\/vc_column_text][\/vc_column_inner][\/vc_row_inner][nectar_global_section id=&#8221;95&#8243;][\/vc_column][\/vc_row][vc_row type=&#8221;in_container&#8221; full_screen_row_position=&#8221;middle&#8221; column_margin=&#8221;default&#8221; column_direction=&#8221;default&#8221; column_direction_tablet=&#8221;default&#8221; column_direction_phone=&#8221;default&#8221; scene_position=&#8221;center&#8221; top_padding=&#8221;5%&#8221; bottom_padding=&#8221;2%&#8221; left_padding_desktop=&#8221;5%&#8221; constrain_group_2=&#8221;yes&#8221; right_padding_desktop=&#8221;5%&#8221; text_color=&#8221;dark&#8221; text_align=&#8221;left&#8221; row_border_radius=&#8221;none&#8221; row_border_radius_applies=&#8221;bg&#8221; overflow=&#8221;visible&#8221; overlay_strength=&#8221;0.3&#8243; gradient_direction=&#8221;left_to_right&#8221; shape_divider_position=&#8221;bottom&#8221; bg_image_animation=&#8221;none&#8221; gradient_type=&#8221;default&#8221; shape_type=&#8221;&#8221;][vc_column column_padding=&#8221;no-extra-padding&#8221; column_padding_tablet=&#8221;inherit&#8221; column_padding_phone=&#8221;inherit&#8221; column_padding_position=&#8221;all&#8221; column_element_direction_desktop=&#8221;default&#8221; column_element_spacing=&#8221;default&#8221; desktop_text_alignment=&#8221;default&#8221; tablet_text_alignment=&#8221;default&#8221; phone_text_alignment=&#8221;default&#8221; background_color_opacity=&#8221;1&#8243; background_hover_color_opacity=&#8221;1&#8243; column_backdrop_filter=&#8221;none&#8221; column_shadow=&#8221;none&#8221; column_border_radius=&#8221;none&#8221; column_link_target=&#8221;_self&#8221; column_position=&#8221;default&#8221; gradient_direction=&#8221;left_to_right&#8221; overlay_strength=&#8221;0.3&#8243; width=&#8221;1\/1&#8243; tablet_width_inherit=&#8221;default&#8221; animation_type=&#8221;default&#8221; bg_image_animation=&#8221;none&#8221; border_type=&#8221;simple&#8221; column_border_width=&#8221;none&#8221; column_border_style=&#8221;solid&#8221;][vc_column_text css=&#8221;&#8221; text_direction=&#8221;default&#8221;]Unindo a comunidade atrav\u00e9s da inclus\u00e3o e da sustentabilidade, nasceu o projeto Arte com Prop\u00f3sito \u2013 uma colabora\u00e7\u00e3o entre o artista Osir e os artistas da Associa\u00e7\u00e3o APPDA Lisboa.[\/vc_column_text][vc_column_text css=&#8221;&#8221; text_direction=&#8221;default&#8221;]O trabalho desenvolvido na cole\u00e7\u00e3o #REFLETE, foi realizado exclusivamente por Osir para o Hotel Boutique Inspira Santos, onde se permitiu a cria\u00e7\u00e3o de mais do que uma iniciativa art\u00edstica, mas sim um movimento. Um movimento que constr\u00f3i pontes reais para a express\u00e3o criativa, dando visibilidade a talentos \u00fanicos que, aos olhos da sociedade, permanecem \u00e0 margem.[\/vc_column_text][vc_column_text css=&#8221;&#8221; text_direction=&#8221;default&#8221;]Ao envolver pessoas com autismo num processo art\u00edstico colaborativo, o projeto n\u00e3o s\u00f3 promove a inclus\u00e3o, como tamb\u00e9m eleva a diversidade humana como um valor central da cria\u00e7\u00e3o. Aqui, cada participante \u00e9 reconhecido pelo seu olhar \u00fanico, pelos seus gestos genu\u00ednos e pela sua forma pura de comunicar atrav\u00e9s da arte. \u00c9 um espa\u00e7o onde a diferen\u00e7a n\u00e3o \u00e9 uma limita\u00e7\u00e3o, mas sim uma express\u00e3o criativa.[\/vc_column_text][vc_column_text css=&#8221;&#8221; text_direction=&#8221;default&#8221;]Esta \u00e9 uma arte sem filtros e sem m\u00e1scaras. O projeto expressa-se como honesto, sens\u00edvel, genuinamente humano, n\u00e3o tendo o intuito de agradar, mas expressar. N\u00e3o se esconde atr\u00e1s de conven\u00e7\u00f5es, mas revela a beleza crua da experi\u00eancia criativa do indiv\u00edduo como um ser capaz de ver, sentir e expressar. Em cada pincelada h\u00e1 uma verdade. Em cada composi\u00e7\u00e3o, um testemunho da autenticidade que s\u00f3 pode vir da liberdade de ser.[\/vc_column_text][vc_column_text css=&#8221;&#8221; text_direction=&#8221;default&#8221;]Na obra de OSIR, o projeto Arte com Prop\u00f3sito tamb\u00e9m \u00e9 um espelho no qual a sociedade \u00e9 convidada a refletir, sobre como se relaciona com o que vive ao redor.[\/vc_column_text][vc_column_text css=&#8221;&#8221; text_direction=&#8221;default&#8221;]Numa \u00e9poca em que o ru\u00eddo e a velocidade nos afastam do essencial, esta obra sugere desacelerar e observar. Sugere escutar e sugere empatia.[\/vc_column_text][vc_column_text css=&#8221;&#8221; text_direction=&#8221;default&#8221;]\u00c9 um convite para ver com o cora\u00e7\u00e3o.[\/vc_column_text][vc_column_text css=&#8221;&#8221; text_direction=&#8221;default&#8221;]Para sentir com a alma.[\/vc_column_text][vc_column_text css=&#8221;&#8221; text_direction=&#8221;default&#8221;]Para estar consciente.[\/vc_column_text][vc_column_text css=&#8221;&#8221; text_direction=&#8221;default&#8221;]Junte-se a n\u00f3s e inspire-se \u2013 onde a arte \u00e9 feita por todos e para todos.[\/vc_column_text][\/vc_column][\/vc_row]\n","protected":false},"excerpt":{"rendered":"<p>[vc_row type=&#8221;full_width_content&#8221; full_screen_row_position=&#8221;middle&#8221; column_margin=&#8221;none&#8221; equal_height=&#8221;yes&#8221; content_placement=&#8221;middle&#8221; column_direction=&#8221;default&#8221; column_direction_tablet=&#8221;default&#8221; column_direction_phone=&#8221;default&#8221; bg_color=&#8221;#000000&#8243; full_height=&#8221;yes&#8221; scene_position=&#8221;center&#8221; constrain_group_1=&#8221;yes&#8221; text_color=&#8221;light&#8221; text_align=&#8221;center&#8221; row_border_radius=&#8221;none&#8221; row_border_radius_applies=&#8221;bg&#8221; overflow=&#8221;visible&#8221; overlay_strength=&#8221;0.3&#8243; gradient_direction=&#8221;left_to_right&#8221; shape_divider_position=&#8221;bottom&#8221; bg_image_animation=&#8221;none&#8221; gradient_type=&#8221;default&#8221; shape_type=&#8221;&#8221;][vc_column column_padding=&#8221;no-extra-padding&#8221; column_padding_tablet=&#8221;inherit&#8221; column_padding_phone=&#8221;inherit&#8221; column_padding_position=&#8221;all&#8221; column_element_direction_desktop=&#8221;default&#8221; column_element_spacing=&#8221;default&#8221;&#8230;<\/p>\n","protected":false},"author":1,"featured_media":0,"parent":0,"menu_order":0,"comment_status":"closed","ping_status":"closed","template":"","meta":{"inline_featured_image":false,"footnotes":""},"class_list":["post-3048","page","type-page","status-publish"],"yoast_head":"<!-- This site is optimized with the Yoast SEO plugin v26.5 - https:\/\/yoast.com\/wordpress\/plugins\/seo\/ -->\n<title>Arte com Prop\u00f3sito - Inspira Hotels - Inspira Santos<\/title>\n<meta name=\"robots\" content=\"index, follow, max-snippet:-1, max-image-preview:large, max-video-preview:-1\" \/>\n<link rel=\"canonical\" href=\"https:\/\/inspirahotels.com\/inspira-santos\/pt\/arte-com-proposito\/\" \/>\n<meta property=\"og:locale\" content=\"pt_PT\" \/>\n<meta property=\"og:type\" content=\"article\" \/>\n<meta property=\"og:title\" content=\"Arte com Prop\u00f3sito - Inspira Hotels - Inspira Santos\" \/>\n<meta property=\"og:description\" content=\"[vc_row type=&#8221;full_width_content&#8221; full_screen_row_position=&#8221;middle&#8221; column_margin=&#8221;none&#8221; equal_height=&#8221;yes&#8221; content_placement=&#8221;middle&#8221; column_direction=&#8221;default&#8221; column_direction_tablet=&#8221;default&#8221; column_direction_phone=&#8221;default&#8221; bg_color=&#8221;#000000&#8243; full_height=&#8221;yes&#8221; scene_position=&#8221;center&#8221; constrain_group_1=&#8221;yes&#8221; text_color=&#8221;light&#8221; text_align=&#8221;center&#8221; row_border_radius=&#8221;none&#8221; row_border_radius_applies=&#8221;bg&#8221; overflow=&#8221;visible&#8221; overlay_strength=&#8221;0.3&#8243; gradient_direction=&#8221;left_to_right&#8221; shape_divider_position=&#8221;bottom&#8221; bg_image_animation=&#8221;none&#8221; gradient_type=&#8221;default&#8221; shape_type=&#8221;&#8221;][vc_column column_padding=&#8221;no-extra-padding&#8221; column_padding_tablet=&#8221;inherit&#8221; column_padding_phone=&#8221;inherit&#8221; column_padding_position=&#8221;all&#8221; column_element_direction_desktop=&#8221;default&#8221; column_element_spacing=&#8221;default&#8221;...\" \/>\n<meta property=\"og:url\" content=\"https:\/\/inspirahotels.com\/inspira-santos\/pt\/arte-com-proposito\/\" \/>\n<meta property=\"og:site_name\" content=\"Inspira Hotels - Inspira Santos\" \/>\n<meta property=\"article:modified_time\" content=\"2026-04-23T12:48:21+00:00\" \/>\n<meta name=\"twitter:card\" content=\"summary_large_image\" \/>\n<meta name=\"twitter:label1\" content=\"Est. reading time\" \/>\n\t<meta name=\"twitter:data1\" content=\"2 minutos\" \/>\n<script type=\"application\/ld+json\" class=\"yoast-schema-graph\">{\"@context\":\"https:\/\/schema.org\",\"@graph\":[{\"@type\":\"WebPage\",\"@id\":\"https:\/\/inspirahotels.com\/inspira-santos\/pt\/arte-com-proposito\/\",\"url\":\"https:\/\/inspirahotels.com\/inspira-santos\/pt\/arte-com-proposito\/\",\"name\":\"Arte com Prop\u00f3sito - Inspira Hotels - Inspira Santos\",\"isPartOf\":{\"@id\":\"https:\/\/inspirahotels.com\/inspira-santos\/fr\/#website\"},\"datePublished\":\"2025-08-07T16:38:20+00:00\",\"dateModified\":\"2026-04-23T12:48:21+00:00\",\"breadcrumb\":{\"@id\":\"https:\/\/inspirahotels.com\/inspira-santos\/pt\/arte-com-proposito\/#breadcrumb\"},\"inLanguage\":\"pt-PT\",\"potentialAction\":[{\"@type\":\"ReadAction\",\"target\":[\"https:\/\/inspirahotels.com\/inspira-santos\/pt\/arte-com-proposito\/\"]}]},{\"@type\":\"BreadcrumbList\",\"@id\":\"https:\/\/inspirahotels.com\/inspira-santos\/pt\/arte-com-proposito\/#breadcrumb\",\"itemListElement\":[{\"@type\":\"ListItem\",\"position\":1,\"name\":\"Home\",\"item\":\"https:\/\/inspirahotels.com\/inspira-santos\/pt\/\"},{\"@type\":\"ListItem\",\"position\":2,\"name\":\"Arte com Prop\u00f3sito\"}]},{\"@type\":\"WebSite\",\"@id\":\"https:\/\/inspirahotels.com\/inspira-santos\/fr\/#website\",\"url\":\"https:\/\/inspirahotels.com\/inspira-santos\/fr\/\",\"name\":\"Inspira Hotels - Inspira Santos\",\"description\":\"\",\"potentialAction\":[{\"@type\":\"SearchAction\",\"target\":{\"@type\":\"EntryPoint\",\"urlTemplate\":\"https:\/\/inspirahotels.com\/inspira-santos\/fr\/?s={search_term_string}\"},\"query-input\":{\"@type\":\"PropertyValueSpecification\",\"valueRequired\":true,\"valueName\":\"search_term_string\"}}],\"inLanguage\":\"pt-PT\"}]}<\/script>\n<!-- \/ Yoast SEO plugin. -->","yoast_head_json":{"title":"Arte com Prop\u00f3sito - Inspira Hotels - Inspira Santos","robots":{"index":"index","follow":"follow","max-snippet":"max-snippet:-1","max-image-preview":"max-image-preview:large","max-video-preview":"max-video-preview:-1"},"canonical":"https:\/\/inspirahotels.com\/inspira-santos\/pt\/arte-com-proposito\/","og_locale":"pt_PT","og_type":"article","og_title":"Arte com Prop\u00f3sito - Inspira Hotels - Inspira Santos","og_description":"[vc_row type=&#8221;full_width_content&#8221; full_screen_row_position=&#8221;middle&#8221; column_margin=&#8221;none&#8221; equal_height=&#8221;yes&#8221; content_placement=&#8221;middle&#8221; column_direction=&#8221;default&#8221; column_direction_tablet=&#8221;default&#8221; column_direction_phone=&#8221;default&#8221; bg_color=&#8221;#000000&#8243; full_height=&#8221;yes&#8221; scene_position=&#8221;center&#8221; constrain_group_1=&#8221;yes&#8221; text_color=&#8221;light&#8221; text_align=&#8221;center&#8221; row_border_radius=&#8221;none&#8221; row_border_radius_applies=&#8221;bg&#8221; overflow=&#8221;visible&#8221; overlay_strength=&#8221;0.3&#8243; gradient_direction=&#8221;left_to_right&#8221; shape_divider_position=&#8221;bottom&#8221; bg_image_animation=&#8221;none&#8221; gradient_type=&#8221;default&#8221; shape_type=&#8221;&#8221;][vc_column column_padding=&#8221;no-extra-padding&#8221; column_padding_tablet=&#8221;inherit&#8221; column_padding_phone=&#8221;inherit&#8221; column_padding_position=&#8221;all&#8221; column_element_direction_desktop=&#8221;default&#8221; column_element_spacing=&#8221;default&#8221;...","og_url":"https:\/\/inspirahotels.com\/inspira-santos\/pt\/arte-com-proposito\/","og_site_name":"Inspira Hotels - Inspira Santos","article_modified_time":"2026-04-23T12:48:21+00:00","twitter_card":"summary_large_image","twitter_misc":{"Est. reading time":"2 minutos"},"schema":{"@context":"https:\/\/schema.org","@graph":[{"@type":"WebPage","@id":"https:\/\/inspirahotels.com\/inspira-santos\/pt\/arte-com-proposito\/","url":"https:\/\/inspirahotels.com\/inspira-santos\/pt\/arte-com-proposito\/","name":"Arte com Prop\u00f3sito - Inspira Hotels - Inspira Santos","isPartOf":{"@id":"https:\/\/inspirahotels.com\/inspira-santos\/fr\/#website"},"datePublished":"2025-08-07T16:38:20+00:00","dateModified":"2026-04-23T12:48:21+00:00","breadcrumb":{"@id":"https:\/\/inspirahotels.com\/inspira-santos\/pt\/arte-com-proposito\/#breadcrumb"},"inLanguage":"pt-PT","potentialAction":[{"@type":"ReadAction","target":["https:\/\/inspirahotels.com\/inspira-santos\/pt\/arte-com-proposito\/"]}]},{"@type":"BreadcrumbList","@id":"https:\/\/inspirahotels.com\/inspira-santos\/pt\/arte-com-proposito\/#breadcrumb","itemListElement":[{"@type":"ListItem","position":1,"name":"Home","item":"https:\/\/inspirahotels.com\/inspira-santos\/pt\/"},{"@type":"ListItem","position":2,"name":"Arte com Prop\u00f3sito"}]},{"@type":"WebSite","@id":"https:\/\/inspirahotels.com\/inspira-santos\/fr\/#website","url":"https:\/\/inspirahotels.com\/inspira-santos\/fr\/","name":"Inspira Hotels - Inspira Santos","description":"","potentialAction":[{"@type":"SearchAction","target":{"@type":"EntryPoint","urlTemplate":"https:\/\/inspirahotels.com\/inspira-santos\/fr\/?s={search_term_string}"},"query-input":{"@type":"PropertyValueSpecification","valueRequired":true,"valueName":"search_term_string"}}],"inLanguage":"pt-PT"}]}},"_links":{"self":[{"href":"https:\/\/inspirahotels.com\/inspira-santos\/pt\/wp-json\/wp\/v2\/pages\/3048","targetHints":{"allow":["GET"]}}],"collection":[{"href":"https:\/\/inspirahotels.com\/inspira-santos\/pt\/wp-json\/wp\/v2\/pages"}],"about":[{"href":"https:\/\/inspirahotels.com\/inspira-santos\/pt\/wp-json\/wp\/v2\/types\/page"}],"author":[{"embeddable":true,"href":"https:\/\/inspirahotels.com\/inspira-santos\/pt\/wp-json\/wp\/v2\/users\/1"}],"replies":[{"embeddable":true,"href":"https:\/\/inspirahotels.com\/inspira-santos\/pt\/wp-json\/wp\/v2\/comments?post=3048"}],"version-history":[{"count":3,"href":"https:\/\/inspirahotels.com\/inspira-santos\/pt\/wp-json\/wp\/v2\/pages\/3048\/revisions"}],"predecessor-version":[{"id":3822,"href":"https:\/\/inspirahotels.com\/inspira-santos\/pt\/wp-json\/wp\/v2\/pages\/3048\/revisions\/3822"}],"wp:attachment":[{"href":"https:\/\/inspirahotels.com\/inspira-santos\/pt\/wp-json\/wp\/v2\/media?parent=3048"}],"curies":[{"name":"wp","href":"https:\/\/api.w.org\/{rel}","templated":true}]}}