{"id":2106,"date":"2025-08-07T16:38:20","date_gmt":"2025-08-07T16:38:20","guid":{"rendered":"https:\/\/inspirahotels.com\/inspira-santos\/art-with-purpose\/"},"modified":"2025-10-29T16:51:36","modified_gmt":"2025-10-29T16:51:36","slug":"art-with-purpose","status":"publish","type":"page","link":"https:\/\/inspirahotels.com\/inspira-santos\/es\/art-with-purpose\/","title":{"rendered":"Art With Purpose"},"content":{"rendered":"[vc_row type=\u00bbfull_width_content\u00bb full_screen_row_position=\u00bbmiddle\u00bb column_margin=\u00bbnone\u00bb equal_height=\u00bbyes\u00bb content_placement=\u00bbmiddle\u00bb column_direction=\u00bbdefault\u00bb column_direction_tablet=\u00bbdefault\u00bb column_direction_phone=\u00bbdefault\u00bb bg_color=\u00bb#000000&#8243; full_height=\u00bbyes\u00bb scene_position=\u00bbcenter\u00bb constrain_group_1=\u00bbyes\u00bb text_color=\u00bblight\u00bb text_align=\u00bbcenter\u00bb row_border_radius=\u00bbnone\u00bb row_border_radius_applies=\u00bbbg\u00bb overflow=\u00bbvisible\u00bb overlay_strength=\u00bb0.3&#8243; gradient_direction=\u00bbleft_to_right\u00bb shape_divider_position=\u00bbbottom\u00bb bg_image_animation=\u00bbnone\u00bb gradient_type=\u00bbdefault\u00bb shape_type=\u00bb\u00bb][vc_column column_padding=\u00bbno-extra-padding\u00bb column_padding_tablet=\u00bbinherit\u00bb column_padding_phone=\u00bbinherit\u00bb column_padding_position=\u00bball\u00bb column_element_direction_desktop=\u00bbdefault\u00bb column_element_spacing=\u00bbdefault\u00bb desktop_text_alignment=\u00bbdefault\u00bb tablet_text_alignment=\u00bbdefault\u00bb phone_text_alignment=\u00bbdefault\u00bb background_color_opacity=\u00bb1&#8243; background_hover_color_opacity=\u00bb1&#8243; column_backdrop_filter=\u00bbnone\u00bb column_shadow=\u00bbnone\u00bb column_border_radius=\u00bbnone\u00bb column_link_target=\u00bb_self\u00bb column_position=\u00bbdefault\u00bb gradient_direction=\u00bbleft_to_right\u00bb overlay_strength=\u00bb0.3&#8243; width=\u00bb1\/1&#8243; tablet_width_inherit=\u00bbdefault\u00bb animation_type=\u00bbdefault\u00bb bg_image_animation=\u00bbnone\u00bb border_type=\u00bbsimple\u00bb column_border_width=\u00bbnone\u00bb column_border_style=\u00bbsolid\u00bb][vc_row_inner column_margin=\u00bbnone\u00bb column_direction=\u00bbdefault\u00bb column_direction_tablet=\u00bbdefault\u00bb column_direction_phone=\u00bbdefault\u00bb constrain_group_1=\u00bbyes\u00bb text_align=\u00bbleft\u00bb row_position=\u00bbdefault\u00bb row_position_tablet=\u00bbinherit\u00bb row_position_phone=\u00bbinherit\u00bb overflow=\u00bbvisible\u00bb pointer_events=\u00bball\u00bb][vc_column_inner top_padding_desktop=\u00bb25.5vh\u00bb constrain_group_100=\u00bbyes\u00bb bottom_padding_desktop=\u00bb25.5vh\u00bb column_element_direction_desktop=\u00bbdefault\u00bb column_element_spacing=\u00bbdefault\u00bb desktop_text_alignment=\u00bbdefault\u00bb tablet_text_alignment=\u00bbdefault\u00bb phone_text_alignment=\u00bbdefault\u00bb background_color_opacity=\u00bb1&#8243; background_hover_color_opacity=\u00bb1&#8243; background_image=\u00bb849&#8243; background_image_position=\u00bbcenter center\u00bb background_image_stacking=\u00bbdefault\u00bb background_image_loading=\u00bbdefault\u00bb column_backdrop_filter=\u00bbnone\u00bb column_shadow=\u00bbnone\u00bb column_border_radius=\u00bbnone\u00bb column_link_target=\u00bb_self\u00bb overflow=\u00bbvisible\u00bb gradient_direction=\u00bbleft_to_right\u00bb overlay_strength=\u00bb0.3&#8243; width=\u00bb1\/1&#8243; tablet_width_inherit=\u00bbdefault\u00bb animation_type=\u00bbdefault\u00bb bg_image_animation=\u00bbnone\u00bb border_type=\u00bbsimple\u00bb column_border_width=\u00bbnone\u00bb column_border_style=\u00bbsolid\u00bb column_padding_type=\u00bbadvanced\u00bb gradient_type=\u00bbdefault\u00bb][vc_column_text css=\u00bb.vc_custom_1754585706265{margin-bottom: 10px !important;}\u00bb text_direction=\u00bbdefault\u00bb]\n<h1>ART WITH PURPOSE<\/h1>\n[\/vc_column_text][\/vc_column_inner][\/vc_row_inner][nectar_global_section id=\u00bb95&#8243;][\/vc_column][\/vc_row][vc_row type=\u00bbin_container\u00bb full_screen_row_position=\u00bbmiddle\u00bb column_margin=\u00bbdefault\u00bb column_direction=\u00bbdefault\u00bb column_direction_tablet=\u00bbdefault\u00bb column_direction_phone=\u00bbdefault\u00bb scene_position=\u00bbcenter\u00bb top_padding=\u00bb5%\u00bb bottom_padding=\u00bb2%\u00bb left_padding_desktop=\u00bb5%\u00bb constrain_group_2=\u00bbyes\u00bb right_padding_desktop=\u00bb5%\u00bb text_color=\u00bbdark\u00bb text_align=\u00bbleft\u00bb row_border_radius=\u00bbnone\u00bb row_border_radius_applies=\u00bbbg\u00bb overflow=\u00bbvisible\u00bb overlay_strength=\u00bb0.3&#8243; gradient_direction=\u00bbleft_to_right\u00bb shape_divider_position=\u00bbbottom\u00bb bg_image_animation=\u00bbnone\u00bb gradient_type=\u00bbdefault\u00bb shape_type=\u00bb\u00bb][vc_column column_padding=\u00bbno-extra-padding\u00bb column_padding_tablet=\u00bbinherit\u00bb column_padding_phone=\u00bbinherit\u00bb column_padding_position=\u00bball\u00bb column_element_direction_desktop=\u00bbdefault\u00bb column_element_spacing=\u00bbdefault\u00bb desktop_text_alignment=\u00bbdefault\u00bb tablet_text_alignment=\u00bbdefault\u00bb phone_text_alignment=\u00bbdefault\u00bb background_color_opacity=\u00bb1&#8243; background_hover_color_opacity=\u00bb1&#8243; column_backdrop_filter=\u00bbnone\u00bb column_shadow=\u00bbnone\u00bb column_border_radius=\u00bbnone\u00bb column_link_target=\u00bb_self\u00bb column_position=\u00bbdefault\u00bb gradient_direction=\u00bbleft_to_right\u00bb overlay_strength=\u00bb0.3&#8243; width=\u00bb1\/1&#8243; tablet_width_inherit=\u00bbdefault\u00bb animation_type=\u00bbdefault\u00bb bg_image_animation=\u00bbnone\u00bb border_type=\u00bbsimple\u00bb column_border_width=\u00bbnone\u00bb column_border_style=\u00bbsolid\u00bb][vc_column_text css=\u00bb\u00bb text_direction=\u00bbdefault\u00bb]Con el objetivo de unir a la comunidad a trav\u00e9s de la inclusi\u00f3n y la sostenibilidad, naci\u00f3 el proyecto Art with Purpose, una colaboraci\u00f3n entre el artista Osir y los artistas de la Asociaci\u00f3n APPDA de Lisboa.<\/p>\n<p>De la obra de la colecci\u00f3n #REFLETE, creada por Osir en exclusiva para el Inspira Santos Boutique Hotel, nace m\u00e1s que una iniciativa art\u00edstica, nace un movimiento. Un movimiento que tiende puentes reales a trav\u00e9s de la expresi\u00f3n creativa, dando visibilidad a talentos \u00fanicos que, a los ojos de la sociedad, permanecen en los m\u00e1rgenes.<\/p>\n<p>Al involucrar a personas con autismo en un proceso art\u00edstico colaborativo, el proyecto no solo promueve la inclusi\u00f3n, sino que tambi\u00e9n eleva la diversidad humana como un valor central de la creaci\u00f3n. Aqu\u00ed, cada participante es reconocido por su mirada \u00fanica, sus gestos genuinos, su forma pura de comunicarse a trav\u00e9s del arte. Es un espacio donde la diferencia no es una limitaci\u00f3n, sino una expresi\u00f3n creativa.<\/p>\n<p>Es arte sin filtros, sin m\u00e1scaras. Un arte honesto, sensible, genuinamente humano, que no busca complacer, sino expresar. No se esconde detr\u00e1s de las convenciones, sino que revela la belleza cruda de la experiencia creativa del individuo como ser capaz de ver,<br \/>\nsentir y expresar. En cada pincelada hay verdad. En cada composici\u00f3n, un testimonio de la autenticidad que solo puede provenir de la libertad de ser.<\/p>\n<p>Al igual que el trabajo de OSIR, el proyecto Art with Purpose es tambi\u00e9n un espejo en el que se invita a la sociedad a reflexionar. A reflexionar sobre c\u00f3mo ve a sus vecinos, sobre el espacio que la diferencia deben coexistir. Sobre c\u00f3mo se relaciona con lo que vive a su alrededor.<\/p>\n<p>En un momento en el que el ruido y la velocidad nos alejan de lo esencial, esta obra sugiere ralentizar y observar. Sugiere escuchar, sugiere empat\u00eda.<\/p>\n<p>Es una invitaci\u00f3n a ver con el coraz\u00f3n.<br \/>\nA sentir con el alma.<br \/>\nA ser consciente.<\/p>\n<p>\u00danete a nosotros y d\u00e9jate inspirar, donde el arte lo hace todo el mundo, para todo el mundo.<\/p>\n<p>INSPIRA SANTOS Por OSIR | APPDA LISBOA[\/vc_column_text][\/vc_column][\/vc_row]\n","protected":false},"excerpt":{"rendered":"<p>[vc_row type=\u00bbfull_width_content\u00bb full_screen_row_position=\u00bbmiddle\u00bb column_margin=\u00bbnone\u00bb equal_height=\u00bbyes\u00bb content_placement=\u00bbmiddle\u00bb column_direction=\u00bbdefault\u00bb column_direction_tablet=\u00bbdefault\u00bb column_direction_phone=\u00bbdefault\u00bb bg_color=\u00bb#000000&#8243; full_height=\u00bbyes\u00bb scene_position=\u00bbcenter\u00bb constrain_group_1=\u00bbyes\u00bb text_color=\u00bblight\u00bb text_align=\u00bbcenter\u00bb row_border_radius=\u00bbnone\u00bb row_border_radius_applies=\u00bbbg\u00bb overflow=\u00bbvisible\u00bb overlay_strength=\u00bb0.3&#8243; gradient_direction=\u00bbleft_to_right\u00bb shape_divider_position=\u00bbbottom\u00bb bg_image_animation=\u00bbnone\u00bb gradient_type=\u00bbdefault\u00bb shape_type=\u00bb\u00bb][vc_column column_padding=\u00bbno-extra-padding\u00bb column_padding_tablet=\u00bbinherit\u00bb column_padding_phone=\u00bbinherit\u00bb column_padding_position=\u00bball\u00bb column_element_direction_desktop=\u00bbdefault\u00bb column_element_spacing=\u00bbdefault\u00bb&#8230;<\/p>\n","protected":false},"author":1,"featured_media":0,"parent":0,"menu_order":0,"comment_status":"closed","ping_status":"closed","template":"","meta":{"inline_featured_image":false,"footnotes":""},"class_list":["post-2106","page","type-page","status-publish"],"yoast_head":"<!-- This site is optimized with the Yoast SEO plugin v26.5 - https:\/\/yoast.com\/wordpress\/plugins\/seo\/ -->\n<title>Art With Purpose - Inspira Hotels - Inspira Santos<\/title>\n<meta name=\"robots\" content=\"index, follow, max-snippet:-1, max-image-preview:large, max-video-preview:-1\" \/>\n<link rel=\"canonical\" href=\"https:\/\/inspirahotels.com\/inspira-santos\/es\/art-with-purpose\/\" \/>\n<meta property=\"og:locale\" content=\"es_ES\" \/>\n<meta property=\"og:type\" content=\"article\" \/>\n<meta property=\"og:title\" content=\"Art With Purpose - Inspira Hotels - Inspira Santos\" \/>\n<meta property=\"og:description\" content=\"[vc_row type=\u00bbfull_width_content\u00bb full_screen_row_position=\u00bbmiddle\u00bb column_margin=\u00bbnone\u00bb equal_height=\u00bbyes\u00bb content_placement=\u00bbmiddle\u00bb column_direction=\u00bbdefault\u00bb column_direction_tablet=\u00bbdefault\u00bb column_direction_phone=\u00bbdefault\u00bb bg_color=\u00bb#000000&#8243; full_height=\u00bbyes\u00bb scene_position=\u00bbcenter\u00bb constrain_group_1=\u00bbyes\u00bb text_color=\u00bblight\u00bb text_align=\u00bbcenter\u00bb row_border_radius=\u00bbnone\u00bb row_border_radius_applies=\u00bbbg\u00bb overflow=\u00bbvisible\u00bb overlay_strength=\u00bb0.3&#8243; gradient_direction=\u00bbleft_to_right\u00bb shape_divider_position=\u00bbbottom\u00bb bg_image_animation=\u00bbnone\u00bb gradient_type=\u00bbdefault\u00bb shape_type=\u00bb\u00bb][vc_column column_padding=\u00bbno-extra-padding\u00bb column_padding_tablet=\u00bbinherit\u00bb column_padding_phone=\u00bbinherit\u00bb column_padding_position=\u00bball\u00bb column_element_direction_desktop=\u00bbdefault\u00bb column_element_spacing=\u00bbdefault\u00bb...\" \/>\n<meta property=\"og:url\" content=\"https:\/\/inspirahotels.com\/inspira-santos\/es\/art-with-purpose\/\" \/>\n<meta property=\"og:site_name\" content=\"Inspira Hotels - Inspira Santos\" \/>\n<meta property=\"article:modified_time\" content=\"2025-10-29T16:51:36+00:00\" \/>\n<meta name=\"twitter:card\" content=\"summary_large_image\" \/>\n<meta name=\"twitter:label1\" content=\"Tiempo de lectura\" \/>\n\t<meta name=\"twitter:data1\" content=\"1 minuto\" \/>\n<script type=\"application\/ld+json\" class=\"yoast-schema-graph\">{\"@context\":\"https:\/\/schema.org\",\"@graph\":[{\"@type\":\"WebPage\",\"@id\":\"https:\/\/inspirahotels.com\/inspira-santos\/es\/art-with-purpose\/\",\"url\":\"https:\/\/inspirahotels.com\/inspira-santos\/es\/art-with-purpose\/\",\"name\":\"Art With Purpose - Inspira Hotels - Inspira Santos\",\"isPartOf\":{\"@id\":\"https:\/\/inspirahotels.com\/inspira-santos\/fr\/#website\"},\"datePublished\":\"2025-08-07T16:38:20+00:00\",\"dateModified\":\"2025-10-29T16:51:36+00:00\",\"breadcrumb\":{\"@id\":\"https:\/\/inspirahotels.com\/inspira-santos\/es\/art-with-purpose\/#breadcrumb\"},\"inLanguage\":\"es\",\"potentialAction\":[{\"@type\":\"ReadAction\",\"target\":[\"https:\/\/inspirahotels.com\/inspira-santos\/es\/art-with-purpose\/\"]}]},{\"@type\":\"BreadcrumbList\",\"@id\":\"https:\/\/inspirahotels.com\/inspira-santos\/es\/art-with-purpose\/#breadcrumb\",\"itemListElement\":[{\"@type\":\"ListItem\",\"position\":1,\"name\":\"Home\",\"item\":\"https:\/\/inspirahotels.com\/inspira-santos\/es\/\"},{\"@type\":\"ListItem\",\"position\":2,\"name\":\"Art With Purpose\"}]},{\"@type\":\"WebSite\",\"@id\":\"https:\/\/inspirahotels.com\/inspira-santos\/fr\/#website\",\"url\":\"https:\/\/inspirahotels.com\/inspira-santos\/fr\/\",\"name\":\"Inspira Hotels - Inspira Santos\",\"description\":\"\",\"potentialAction\":[{\"@type\":\"SearchAction\",\"target\":{\"@type\":\"EntryPoint\",\"urlTemplate\":\"https:\/\/inspirahotels.com\/inspira-santos\/fr\/?s={search_term_string}\"},\"query-input\":{\"@type\":\"PropertyValueSpecification\",\"valueRequired\":true,\"valueName\":\"search_term_string\"}}],\"inLanguage\":\"es\"}]}<\/script>\n<!-- \/ Yoast SEO plugin. -->","yoast_head_json":{"title":"Art With Purpose - Inspira Hotels - Inspira Santos","robots":{"index":"index","follow":"follow","max-snippet":"max-snippet:-1","max-image-preview":"max-image-preview:large","max-video-preview":"max-video-preview:-1"},"canonical":"https:\/\/inspirahotels.com\/inspira-santos\/es\/art-with-purpose\/","og_locale":"es_ES","og_type":"article","og_title":"Art With Purpose - Inspira Hotels - Inspira Santos","og_description":"[vc_row type=\u00bbfull_width_content\u00bb full_screen_row_position=\u00bbmiddle\u00bb column_margin=\u00bbnone\u00bb equal_height=\u00bbyes\u00bb content_placement=\u00bbmiddle\u00bb column_direction=\u00bbdefault\u00bb column_direction_tablet=\u00bbdefault\u00bb column_direction_phone=\u00bbdefault\u00bb bg_color=\u00bb#000000&#8243; full_height=\u00bbyes\u00bb scene_position=\u00bbcenter\u00bb constrain_group_1=\u00bbyes\u00bb text_color=\u00bblight\u00bb text_align=\u00bbcenter\u00bb row_border_radius=\u00bbnone\u00bb row_border_radius_applies=\u00bbbg\u00bb overflow=\u00bbvisible\u00bb overlay_strength=\u00bb0.3&#8243; gradient_direction=\u00bbleft_to_right\u00bb shape_divider_position=\u00bbbottom\u00bb bg_image_animation=\u00bbnone\u00bb gradient_type=\u00bbdefault\u00bb shape_type=\u00bb\u00bb][vc_column column_padding=\u00bbno-extra-padding\u00bb column_padding_tablet=\u00bbinherit\u00bb column_padding_phone=\u00bbinherit\u00bb column_padding_position=\u00bball\u00bb column_element_direction_desktop=\u00bbdefault\u00bb column_element_spacing=\u00bbdefault\u00bb...","og_url":"https:\/\/inspirahotels.com\/inspira-santos\/es\/art-with-purpose\/","og_site_name":"Inspira Hotels - Inspira Santos","article_modified_time":"2025-10-29T16:51:36+00:00","twitter_card":"summary_large_image","twitter_misc":{"Tiempo de lectura":"1 minuto"},"schema":{"@context":"https:\/\/schema.org","@graph":[{"@type":"WebPage","@id":"https:\/\/inspirahotels.com\/inspira-santos\/es\/art-with-purpose\/","url":"https:\/\/inspirahotels.com\/inspira-santos\/es\/art-with-purpose\/","name":"Art With Purpose - Inspira Hotels - Inspira Santos","isPartOf":{"@id":"https:\/\/inspirahotels.com\/inspira-santos\/fr\/#website"},"datePublished":"2025-08-07T16:38:20+00:00","dateModified":"2025-10-29T16:51:36+00:00","breadcrumb":{"@id":"https:\/\/inspirahotels.com\/inspira-santos\/es\/art-with-purpose\/#breadcrumb"},"inLanguage":"es","potentialAction":[{"@type":"ReadAction","target":["https:\/\/inspirahotels.com\/inspira-santos\/es\/art-with-purpose\/"]}]},{"@type":"BreadcrumbList","@id":"https:\/\/inspirahotels.com\/inspira-santos\/es\/art-with-purpose\/#breadcrumb","itemListElement":[{"@type":"ListItem","position":1,"name":"Home","item":"https:\/\/inspirahotels.com\/inspira-santos\/es\/"},{"@type":"ListItem","position":2,"name":"Art With Purpose"}]},{"@type":"WebSite","@id":"https:\/\/inspirahotels.com\/inspira-santos\/fr\/#website","url":"https:\/\/inspirahotels.com\/inspira-santos\/fr\/","name":"Inspira Hotels - Inspira Santos","description":"","potentialAction":[{"@type":"SearchAction","target":{"@type":"EntryPoint","urlTemplate":"https:\/\/inspirahotels.com\/inspira-santos\/fr\/?s={search_term_string}"},"query-input":{"@type":"PropertyValueSpecification","valueRequired":true,"valueName":"search_term_string"}}],"inLanguage":"es"}]}},"_links":{"self":[{"href":"https:\/\/inspirahotels.com\/inspira-santos\/es\/wp-json\/wp\/v2\/pages\/2106","targetHints":{"allow":["GET"]}}],"collection":[{"href":"https:\/\/inspirahotels.com\/inspira-santos\/es\/wp-json\/wp\/v2\/pages"}],"about":[{"href":"https:\/\/inspirahotels.com\/inspira-santos\/es\/wp-json\/wp\/v2\/types\/page"}],"author":[{"embeddable":true,"href":"https:\/\/inspirahotels.com\/inspira-santos\/es\/wp-json\/wp\/v2\/users\/1"}],"replies":[{"embeddable":true,"href":"https:\/\/inspirahotels.com\/inspira-santos\/es\/wp-json\/wp\/v2\/comments?post=2106"}],"version-history":[{"count":2,"href":"https:\/\/inspirahotels.com\/inspira-santos\/es\/wp-json\/wp\/v2\/pages\/2106\/revisions"}],"predecessor-version":[{"id":2470,"href":"https:\/\/inspirahotels.com\/inspira-santos\/es\/wp-json\/wp\/v2\/pages\/2106\/revisions\/2470"}],"wp:attachment":[{"href":"https:\/\/inspirahotels.com\/inspira-santos\/es\/wp-json\/wp\/v2\/media?parent=2106"}],"curies":[{"name":"wp","href":"https:\/\/api.w.org\/{rel}","templated":true}]}}